{"id":2,"date":"2017-04-08T16:53:57","date_gmt":"2017-04-08T16:53:57","guid":{"rendered":"http:\/\/bergheimat-tux.at\/?page_id=2"},"modified":"2023-02-01T22:30:14","modified_gmt":"2023-02-01T21:30:14","slug":"startseite","status":"publish","type":"page","link":"https:\/\/bergheimat-tux.at\/","title":{"rendered":"Bergheimat"},"content":{"rendered":"<h3 style=\"text-align: center;\">Herzlich Willkommen auf unserer Homepage!<\/h3>\n<p style=\"text-align: center;\">\n<p style=\"text-align: center;\"><img loading=\"lazy\" decoding=\"async\" class=\"alignnone size-medium wp-image-133\" src=\"http:\/\/bergheimat-tux.at\/wp-content\/uploads\/2017\/04\/image-300x169.jpg\" alt=\"\" width=\"300\" height=\"169\" srcset=\"https:\/\/bergheimat-tux.at\/wp-content\/uploads\/2017\/04\/image-300x169.jpg 300w, https:\/\/bergheimat-tux.at\/wp-content\/uploads\/2017\/04\/image-768x432.jpg 768w, https:\/\/bergheimat-tux.at\/wp-content\/uploads\/2017\/04\/image.jpg 1024w\" sizes=\"auto, (max-width: 300px) 100vw, 300px\" \/><\/p>\n<p style=\"text-align: center;\">Unser Haus liegt im Herzen von Juns. Umgeben von herrlichen Bergen W\u00e4ldern und Wiesen.<br \/>\nAusgangspunkt f\u00fcr viele Wanderm\u00f6glichkeiten im Sommer und im Winter<br \/>\nhaben Sie die Loipe direkt neben dem Haus.<br \/>\nDie Sportbushaltestelle ist innerhalb von drei Minuten zu erreichen, wobei Sie in<br \/>\ndie umliegenden Schigebiete fahren k\u00f6nnen.<br \/>\nWir haben zwei Ferienwohnungen a 98m\u00b2 mit einem herrlichen Blick auf den<br \/>\nHintertuxergletscher. Jede Wohnung hat drei neu eingerichtete Zirbenschlafzimmer, wobei jedes \u00fcber sein eigenes DU\/WC verf\u00fcgt.Die neue Wohnk\u00fcche ist bestens ausgestattet und verf\u00fcgt \u00fcber K\u00fchl und Geschrierschrank, Geschiersp\u00fcler, Backrohr, E-Herd, Mikro, Kaffeemaschine, Geschirr, Besteck uvm.<\/p>\n<p style=\"text-align: center;\">Wir w\u00fcrden uns freuen Sie in unserer gem\u00fctlichen Wohnung begr\u00fc\u00dfen zu d\u00fcrfen.<\/p>\n<p style=\"text-align: center;\">Eure Familie Dengg<\/p>\n","protected":false},"excerpt":{"rendered":"<p>Herzlich Willkommen auf unserer Homepage! Unser Haus liegt im Herzen von Juns. Umgeben von herrlichen Bergen W\u00e4ldern und Wiesen. Ausgangspunkt f\u00fcr viele Wanderm\u00f6glichkeiten im Sommer und im Winter haben Sie die Loipe direkt neben dem Haus. Die Sportbushaltestelle ist innerhalb [&hellip;]<\/p>\n","protected":false},"author":2,"featured_media":0,"parent":0,"menu_order":0,"comment_status":"closed","ping_status":"open","template":"","meta":{"footnotes":""},"class_list":["post-2","page","type-page","status-publish","hentry"],"_links":{"self":[{"href":"https:\/\/bergheimat-tux.at\/index.php\/wp-json\/wp\/v2\/pages\/2","targetHints":{"allow":["GET"]}}],"collection":[{"href":"https:\/\/bergheimat-tux.at\/index.php\/wp-json\/wp\/v2\/pages"}],"about":[{"href":"https:\/\/bergheimat-tux.at\/index.php\/wp-json\/wp\/v2\/types\/page"}],"author":[{"embeddable":true,"href":"https:\/\/bergheimat-tux.at\/index.php\/wp-json\/wp\/v2\/users\/2"}],"replies":[{"embeddable":true,"href":"https:\/\/bergheimat-tux.at\/index.php\/wp-json\/wp\/v2\/comments?post=2"}],"version-history":[{"count":13,"href":"https:\/\/bergheimat-tux.at\/index.php\/wp-json\/wp\/v2\/pages\/2\/revisions"}],"predecessor-version":[{"id":298,"href":"https:\/\/bergheimat-tux.at\/index.php\/wp-json\/wp\/v2\/pages\/2\/revisions\/298"}],"wp:attachment":[{"href":"https:\/\/bergheimat-tux.at\/index.php\/wp-json\/wp\/v2\/media?parent=2"}],"curies":[{"name":"wp","href":"https:\/\/api.w.org\/{rel}","templated":true}]}}